{"id":584,"date":"2024-06-29T17:15:41","date_gmt":"2024-06-29T17:15:41","guid":{"rendered":"https:\/\/sparrowwallet.net\/?page_id=584"},"modified":"2024-06-29T17:46:57","modified_gmt":"2024-06-29T17:46:57","slug":"thankyou","status":"publish","type":"page","link":"https:\/\/sparrowwallet.net\/pt\/thankyou\/","title":{"rendered":"Obrigado!"},"content":{"rendered":"<div data-elementor-type=\"wp-page\" data-elementor-id=\"584\" class=\"elementor elementor-584\" data-elementor-post-type=\"page\">\n\t\t\t\t<main class=\"elementor-element elementor-element-a66a562 e-con-full e-flex e-con e-parent\" data-id=\"a66a562\" data-element_type=\"container\" data-e-type=\"container\">\n\t\t\t\t<div class=\"elementor-element elementor-element-1eaa6da elementor-widget elementor-widget-heading\" data-id=\"1eaa6da\" data-element_type=\"widget\" data-e-type=\"widget\" data-widget_type=\"heading.default\">\n\t\t\t\t<div class=\"elementor-widget-container\">\n\t\t\t\t\t<h1 class=\"elementor-heading-title elementor-size-default\">Obrigado!\n\n<\/h1>\t\t\t\t<\/div>\n\t\t\t\t<\/div>\n\t\t\t\t<div class=\"elementor-element elementor-element-9b73d8e elementor-widget elementor-widget-text-editor\" data-id=\"9b73d8e\" data-element_type=\"widget\" data-e-type=\"widget\" data-widget_type=\"text-editor.default\">\n\t\t\t\t<div class=\"elementor-widget-container\">\n\t\t\t\t\t\t\t\t\t<p class=\"whitespace-pre-wrap break-words\">Obrigado pelo vosso generoso apoio!<\/p><p class=\"whitespace-pre-wrap break-words\">O seu donativo para o Sparrow Wallet \u00e9 profundamente apreciado. A sua contribui\u00e7\u00e3o ajuda-nos a continuar a desenvolver e melhorar esta carteira Bitcoin de c\u00f3digo aberto e focada na privacidade.<\/p><p>O seu apoio refor\u00e7a o nosso compromisso em fornecer uma carteira Bitcoin segura e de f\u00e1cil utiliza\u00e7\u00e3o que respeita a sua privacidade.<\/p><p class=\"whitespace-pre-wrap break-words\">Se incluiu o seu nome de utilizador no Twitter, procure o seu nome na nossa <a href=\"https:\/\/sparrowwallet.net\/pt\/about\/\">Sobre a p\u00e1gina<\/a> em breve!<\/p><p class=\"whitespace-pre-wrap break-words\">Obrigado novamente por ser uma parte valiosa da comunidade Sparrow Wallet. Juntos, estamos a tornar a Bitcoin mais acess\u00edvel e segura para todos.<\/p><p class=\"whitespace-pre-wrap break-words\">Feliz Bitcoining!<\/p>\t\t\t\t\t\t\t\t<\/div>\n\t\t\t\t<\/div>\n\t\t\t\t<div class=\"elementor-element elementor-element-66220d0 elementor-view-default elementor-widget elementor-widget-icon\" data-id=\"66220d0\" data-element_type=\"widget\" data-e-type=\"widget\" data-widget_type=\"icon.default\">\n\t\t\t\t<div class=\"elementor-widget-container\">\n\t\t\t\t\t\t\t<div class=\"elementor-icon-wrapper\">\n\t\t\t<div class=\"elementor-icon\">\n\t\t\t<svg aria-hidden=\"true\" class=\"e-font-icon-svg e-fas-heart\" viewbox=\"0 0 512 512\" xmlns=\"http:\/\/www.w3.org\/2000\/svg\"><path d=\"M462.3 62.6C407.5 15.9 326 24.3 275.7 76.2L256 96.5l-19.7-20.3C186.1 24.3 104.5 15.9 49.7 62.6c-62.8 53.6-66.1 149.8-9.9 207.9l193.5 199.8c12.5 12.9 32.8 12.9 45.3 0l193.5-199.8c56.3-58.1 53-154.3-9.8-207.9z\"><\/path><\/svg>\t\t\t<\/div>\n\t\t<\/div>\n\t\t\t\t\t\t<\/div>\n\t\t\t\t<\/div>\n\t\t\t\t<\/main>\n\t\t\t\t<\/div>","protected":false},"excerpt":{"rendered":"<p>Thank You! Thank you for your generous support! Your donation to Sparrow Wallet is deeply appreciated. Your contribution helps us continue developing and improving this open-source, privacy-focused Bitcoin wallet. Your support reinforces our commitment to providing a secure, user-friendly Bitcoin wallet that respects your privacy. If you included your Twitter handle, look out for your [&hellip;]<\/p>","protected":false},"author":1,"featured_media":0,"parent":0,"menu_order":0,"comment_status":"closed","ping_status":"closed","template":"","meta":{"footnotes":""},"class_list":["post-584","page","type-page","status-publish","hentry"],"_links":{"self":[{"href":"https:\/\/sparrowwallet.net\/pt\/wp-json\/wp\/v2\/pages\/584","targetHints":{"allow":["GET"]}}],"collection":[{"href":"https:\/\/sparrowwallet.net\/pt\/wp-json\/wp\/v2\/pages"}],"about":[{"href":"https:\/\/sparrowwallet.net\/pt\/wp-json\/wp\/v2\/types\/page"}],"author":[{"embeddable":true,"href":"https:\/\/sparrowwallet.net\/pt\/wp-json\/wp\/v2\/users\/1"}],"replies":[{"embeddable":true,"href":"https:\/\/sparrowwallet.net\/pt\/wp-json\/wp\/v2\/comments?post=584"}],"version-history":[{"count":10,"href":"https:\/\/sparrowwallet.net\/pt\/wp-json\/wp\/v2\/pages\/584\/revisions"}],"predecessor-version":[{"id":597,"href":"https:\/\/sparrowwallet.net\/pt\/wp-json\/wp\/v2\/pages\/584\/revisions\/597"}],"wp:attachment":[{"href":"https:\/\/sparrowwallet.net\/pt\/wp-json\/wp\/v2\/media?parent=584"}],"curies":[{"name":"wp","href":"https:\/\/api.w.org\/{rel}","templated":true}]}}