{"id":584,"date":"2024-06-29T17:15:41","date_gmt":"2024-06-29T17:15:41","guid":{"rendered":"https:\/\/sparrowwallet.net\/?page_id=584"},"modified":"2024-06-29T17:46:57","modified_gmt":"2024-06-29T17:46:57","slug":"thankyou","status":"publish","type":"page","link":"https:\/\/sparrowwallet.net\/pl\/thankyou\/","title":{"rendered":"Dzi\u0119kuj\u0119!"},"content":{"rendered":"<div data-elementor-type=\"wp-page\" data-elementor-id=\"584\" class=\"elementor elementor-584\" data-elementor-post-type=\"page\">\n\t\t\t\t<main class=\"elementor-element elementor-element-a66a562 e-con-full e-flex e-con e-parent\" data-id=\"a66a562\" data-element_type=\"container\" data-e-type=\"container\">\n\t\t\t\t<div class=\"elementor-element elementor-element-1eaa6da elementor-widget elementor-widget-heading\" data-id=\"1eaa6da\" data-element_type=\"widget\" data-e-type=\"widget\" data-widget_type=\"heading.default\">\n\t\t\t\t<div class=\"elementor-widget-container\">\n\t\t\t\t\t<h1 class=\"elementor-heading-title elementor-size-default\">Dzi\u0119kuj\u0119!\n\n<\/h1>\t\t\t\t<\/div>\n\t\t\t\t<\/div>\n\t\t\t\t<div class=\"elementor-element elementor-element-9b73d8e elementor-widget elementor-widget-text-editor\" data-id=\"9b73d8e\" data-element_type=\"widget\" data-e-type=\"widget\" data-widget_type=\"text-editor.default\">\n\t\t\t\t<div class=\"elementor-widget-container\">\n\t\t\t\t\t\t\t\t\t<p class=\"whitespace-pre-wrap break-words\">Dzi\u0119kujemy za hojne wsparcie!<\/p><p class=\"whitespace-pre-wrap break-words\">Twoja darowizna na rzecz Sparrow Wallet jest bardzo mile widziana. Tw\u00f3j wk\u0142ad pomaga nam kontynuowa\u0107 rozw\u00f3j i ulepszanie tego otwartego, skoncentrowanego na prywatno\u015bci portfela Bitcoin.<\/p><p>Twoje wsparcie wzmacnia nasze zaanga\u017cowanie w dostarczanie bezpiecznego, przyjaznego dla u\u017cytkownika portfela Bitcoin, kt\u00f3ry szanuje Twoj\u0105 prywatno\u015b\u0107.<\/p><p class=\"whitespace-pre-wrap break-words\">Je\u015bli do\u0142\u0105czy\u0142e\u015b sw\u00f3j uchwyt na Twitterze, wypatruj swojego imienia i nazwiska na naszej stronie <a href=\"https:\/\/sparrowwallet.net\/pl\/about\/\">Informacje o stronie<\/a> wkr\u00f3tce!<\/p><p class=\"whitespace-pre-wrap break-words\">Jeszcze raz dzi\u0119kujemy za bycie cenn\u0105 cz\u0119\u015bci\u0105 spo\u0142eczno\u015bci Sparrow Wallet. Razem sprawiamy, \u017ce Bitcoin jest bardziej dost\u0119pny i bezpieczny dla wszystkich.<\/p><p class=\"whitespace-pre-wrap break-words\">Szcz\u0119\u015bliwego Bitcoiningu!<\/p>\t\t\t\t\t\t\t\t<\/div>\n\t\t\t\t<\/div>\n\t\t\t\t<div class=\"elementor-element elementor-element-66220d0 elementor-view-default elementor-widget elementor-widget-icon\" data-id=\"66220d0\" data-element_type=\"widget\" data-e-type=\"widget\" data-widget_type=\"icon.default\">\n\t\t\t\t<div class=\"elementor-widget-container\">\n\t\t\t\t\t\t\t<div class=\"elementor-icon-wrapper\">\n\t\t\t<div class=\"elementor-icon\">\n\t\t\t<svg aria-hidden=\"true\" class=\"e-font-icon-svg e-fas-heart\" viewbox=\"0 0 512 512\" xmlns=\"http:\/\/www.w3.org\/2000\/svg\"><path d=\"M462.3 62.6C407.5 15.9 326 24.3 275.7 76.2L256 96.5l-19.7-20.3C186.1 24.3 104.5 15.9 49.7 62.6c-62.8 53.6-66.1 149.8-9.9 207.9l193.5 199.8c12.5 12.9 32.8 12.9 45.3 0l193.5-199.8c56.3-58.1 53-154.3-9.8-207.9z\"><\/path><\/svg>\t\t\t<\/div>\n\t\t<\/div>\n\t\t\t\t\t\t<\/div>\n\t\t\t\t<\/div>\n\t\t\t\t<\/main>\n\t\t\t\t<\/div>","protected":false},"excerpt":{"rendered":"<p>Thank You! Thank you for your generous support! Your donation to Sparrow Wallet is deeply appreciated. Your contribution helps us continue developing and improving this open-source, privacy-focused Bitcoin wallet. Your support reinforces our commitment to providing a secure, user-friendly Bitcoin wallet that respects your privacy. If you included your Twitter handle, look out for your [&hellip;]<\/p>","protected":false},"author":1,"featured_media":0,"parent":0,"menu_order":0,"comment_status":"closed","ping_status":"closed","template":"","meta":{"footnotes":""},"class_list":["post-584","page","type-page","status-publish","hentry"],"_links":{"self":[{"href":"https:\/\/sparrowwallet.net\/pl\/wp-json\/wp\/v2\/pages\/584","targetHints":{"allow":["GET"]}}],"collection":[{"href":"https:\/\/sparrowwallet.net\/pl\/wp-json\/wp\/v2\/pages"}],"about":[{"href":"https:\/\/sparrowwallet.net\/pl\/wp-json\/wp\/v2\/types\/page"}],"author":[{"embeddable":true,"href":"https:\/\/sparrowwallet.net\/pl\/wp-json\/wp\/v2\/users\/1"}],"replies":[{"embeddable":true,"href":"https:\/\/sparrowwallet.net\/pl\/wp-json\/wp\/v2\/comments?post=584"}],"version-history":[{"count":10,"href":"https:\/\/sparrowwallet.net\/pl\/wp-json\/wp\/v2\/pages\/584\/revisions"}],"predecessor-version":[{"id":597,"href":"https:\/\/sparrowwallet.net\/pl\/wp-json\/wp\/v2\/pages\/584\/revisions\/597"}],"wp:attachment":[{"href":"https:\/\/sparrowwallet.net\/pl\/wp-json\/wp\/v2\/media?parent=584"}],"curies":[{"name":"wp","href":"https:\/\/api.w.org\/{rel}","templated":true}]}}