{"id":584,"date":"2024-06-29T17:15:41","date_gmt":"2024-06-29T17:15:41","guid":{"rendered":"https:\/\/sparrowwallet.net\/?page_id=584"},"modified":"2024-06-29T17:46:57","modified_gmt":"2024-06-29T17:46:57","slug":"thankyou","status":"publish","type":"page","link":"https:\/\/sparrowwallet.net\/es\/thankyou\/","title":{"rendered":"Gracias."},"content":{"rendered":"<div data-elementor-type=\"wp-page\" data-elementor-id=\"584\" class=\"elementor elementor-584\" data-elementor-post-type=\"page\">\n\t\t\t\t<main class=\"elementor-element elementor-element-a66a562 e-con-full e-flex e-con e-parent\" data-id=\"a66a562\" data-element_type=\"container\" data-e-type=\"container\">\n\t\t\t\t<div class=\"elementor-element elementor-element-1eaa6da elementor-widget elementor-widget-heading\" data-id=\"1eaa6da\" data-element_type=\"widget\" data-e-type=\"widget\" data-widget_type=\"heading.default\">\n\t\t\t\t<div class=\"elementor-widget-container\">\n\t\t\t\t\t<h1 class=\"elementor-heading-title elementor-size-default\">Gracias.\n\n<\/h1>\t\t\t\t<\/div>\n\t\t\t\t<\/div>\n\t\t\t\t<div class=\"elementor-element elementor-element-9b73d8e elementor-widget elementor-widget-text-editor\" data-id=\"9b73d8e\" data-element_type=\"widget\" data-e-type=\"widget\" data-widget_type=\"text-editor.default\">\n\t\t\t\t<div class=\"elementor-widget-container\">\n\t\t\t\t\t\t\t\t\t<p class=\"whitespace-pre-wrap break-words\">Gracias por su generoso apoyo.<\/p><p class=\"whitespace-pre-wrap break-words\">Su donaci\u00f3n a Sparrow Wallet es muy apreciada. Tu contribuci\u00f3n nos ayuda a seguir desarrollando y mejorando este monedero Bitcoin de c\u00f3digo abierto centrado en la privacidad.<\/p><p>Su apoyo refuerza nuestro compromiso de ofrecer un monedero Bitcoin seguro y f\u00e1cil de usar que respete su privacidad.<\/p><p class=\"whitespace-pre-wrap break-words\">Si has incluido tu cuenta de Twitter, busca tu nombre en nuestra secci\u00f3n <a href=\"https:\/\/sparrowwallet.net\/es\/about\/\">Acerca de la p\u00e1gina<\/a> \u00a1Pronto!<\/p><p class=\"whitespace-pre-wrap break-words\">Gracias de nuevo por ser una parte valiosa de la comunidad Sparrow Wallet. Juntos, estamos haciendo que Bitcoin sea m\u00e1s accesible y seguro para todos.<\/p><p class=\"whitespace-pre-wrap break-words\">\u00a1Feliz Bitcoining!<\/p>\t\t\t\t\t\t\t\t<\/div>\n\t\t\t\t<\/div>\n\t\t\t\t<div class=\"elementor-element elementor-element-66220d0 elementor-view-default elementor-widget elementor-widget-icon\" data-id=\"66220d0\" data-element_type=\"widget\" data-e-type=\"widget\" data-widget_type=\"icon.default\">\n\t\t\t\t<div class=\"elementor-widget-container\">\n\t\t\t\t\t\t\t<div class=\"elementor-icon-wrapper\">\n\t\t\t<div class=\"elementor-icon\">\n\t\t\t<svg aria-hidden=\"true\" class=\"e-font-icon-svg e-fas-heart\" viewbox=\"0 0 512 512\" xmlns=\"http:\/\/www.w3.org\/2000\/svg\"><path d=\"M462.3 62.6C407.5 15.9 326 24.3 275.7 76.2L256 96.5l-19.7-20.3C186.1 24.3 104.5 15.9 49.7 62.6c-62.8 53.6-66.1 149.8-9.9 207.9l193.5 199.8c12.5 12.9 32.8 12.9 45.3 0l193.5-199.8c56.3-58.1 53-154.3-9.8-207.9z\"><\/path><\/svg>\t\t\t<\/div>\n\t\t<\/div>\n\t\t\t\t\t\t<\/div>\n\t\t\t\t<\/div>\n\t\t\t\t<\/main>\n\t\t\t\t<\/div>","protected":false},"excerpt":{"rendered":"<p>Thank You! Thank you for your generous support! Your donation to Sparrow Wallet is deeply appreciated. Your contribution helps us continue developing and improving this open-source, privacy-focused Bitcoin wallet. Your support reinforces our commitment to providing a secure, user-friendly Bitcoin wallet that respects your privacy. If you included your Twitter handle, look out for your [&hellip;]<\/p>","protected":false},"author":1,"featured_media":0,"parent":0,"menu_order":0,"comment_status":"closed","ping_status":"closed","template":"","meta":{"footnotes":""},"class_list":["post-584","page","type-page","status-publish","hentry"],"_links":{"self":[{"href":"https:\/\/sparrowwallet.net\/es\/wp-json\/wp\/v2\/pages\/584","targetHints":{"allow":["GET"]}}],"collection":[{"href":"https:\/\/sparrowwallet.net\/es\/wp-json\/wp\/v2\/pages"}],"about":[{"href":"https:\/\/sparrowwallet.net\/es\/wp-json\/wp\/v2\/types\/page"}],"author":[{"embeddable":true,"href":"https:\/\/sparrowwallet.net\/es\/wp-json\/wp\/v2\/users\/1"}],"replies":[{"embeddable":true,"href":"https:\/\/sparrowwallet.net\/es\/wp-json\/wp\/v2\/comments?post=584"}],"version-history":[{"count":10,"href":"https:\/\/sparrowwallet.net\/es\/wp-json\/wp\/v2\/pages\/584\/revisions"}],"predecessor-version":[{"id":597,"href":"https:\/\/sparrowwallet.net\/es\/wp-json\/wp\/v2\/pages\/584\/revisions\/597"}],"wp:attachment":[{"href":"https:\/\/sparrowwallet.net\/es\/wp-json\/wp\/v2\/media?parent=584"}],"curies":[{"name":"wp","href":"https:\/\/api.w.org\/{rel}","templated":true}]}}