{"id":211,"date":"2024-06-19T11:09:52","date_gmt":"2024-06-19T11:09:52","guid":{"rendered":"https:\/\/sparrowwallet.net\/?page_id=211"},"modified":"2024-07-01T01:35:28","modified_gmt":"2024-07-01T01:35:28","slug":"donate","status":"publish","type":"page","link":"https:\/\/sparrowwallet.net\/de\/donate\/","title":{"rendered":"Spenden Sie"},"content":{"rendered":"<div data-elementor-type=\"wp-page\" data-elementor-id=\"211\" class=\"elementor elementor-211\" data-elementor-post-type=\"page\">\n\t\t\t\t<main class=\"elementor-element elementor-element-581ce0a e-con-full e-flex e-con e-parent\" data-id=\"581ce0a\" data-element_type=\"container\" data-e-type=\"container\">\n\t\t<div class=\"elementor-element elementor-element-acceccb e-flex e-con-boxed e-con e-child\" data-id=\"acceccb\" data-element_type=\"container\" data-e-type=\"container\">\n\t\t\t\t\t<div class=\"e-con-inner\">\n\t\t\t\t<div class=\"elementor-element elementor-element-087ca53 elementor-widget elementor-widget-heading\" data-id=\"087ca53\" data-element_type=\"widget\" data-e-type=\"widget\" data-widget_type=\"heading.default\">\n\t\t\t\t<div class=\"elementor-widget-container\">\n\t\t\t\t\t<h1 class=\"elementor-heading-title elementor-size-default\">Spenden Sie<\/h1>\t\t\t\t<\/div>\n\t\t\t\t<\/div>\n\t\t\t\t<div class=\"elementor-element elementor-element-ded9af9 elementor-widget elementor-widget-text-editor\" data-id=\"ded9af9\" data-element_type=\"widget\" data-e-type=\"widget\" data-widget_type=\"text-editor.default\">\n\t\t\t\t<div class=\"elementor-widget-container\">\n\t\t\t\t\t\t\t\t\t<p>Sparrow Wallet ist bestrebt, Open-Source und frei f\u00fcr jedermann zu bleiben.<\/p><p>Wenn Sie das Projekt sch\u00e4tzen und einen Beitrag leisten m\u00f6chten, k\u00f6nnen Sie unten eine Spende t\u00e4tigen. Sie k\u00f6nnen den Betrag anpassen, und jeder Beitrag, unabh\u00e4ngig von seiner H\u00f6he, wird sehr gesch\u00e4tzt!<\/p><p>Onchain \ud83d\udd17 und Lightning \u26a1 Zahlungen werden unterst\u00fctzt.<\/p><p>Sie k\u00f6nnen auch einen Link zu +SparrowWallet mit Ihrem PayNym erstellen und direkt dorthin senden.<\/p><p>Der Zahlungscode f\u00fcr diesen PayNym lautet\u00a0<input readonly=\"readonly\" size=\"9\" type=\"text\" value=\"PM8TJhuHY65ehGdLCgptffaQQM3WrD6oyUChT2YgW8KnNsuAfKqBjZaHzaaoLLafXSkau9yCrgYPahCXkmeZQgPZqkH3sBMy7CA5GugPsPGpQbsExcTU\" \/>\u00a0(zum Kopieren mit der rechten Maustaste klicken).<\/p>\t\t\t\t\t\t\t\t<\/div>\n\t\t\t\t<\/div>\n\t\t\t\t<div class=\"elementor-element elementor-element-5caa2f9 elementor-widget elementor-widget-html\" data-id=\"5caa2f9\" data-element_type=\"widget\" data-e-type=\"widget\" data-widget_type=\"html.default\">\n\t\t\t\t<div class=\"elementor-widget-container\">\n\t\t\t\t\t<div>\n<style type=\"text\/css\">\n#btcpay-input-price {\n  border: none;\n  background: transparent;\n  font-size: 24px;\n  width: 100px;\n  text-align: center;\n  -moz-appearance: textfield;\n}\n\n#btcpay-input-price::-webkit-outer-spin-button,\n#btcpay-input-price::-webkit-inner-spin-button {\n  -webkit-appearance: none;\n  margin: 0;\n}\n\n[type=\"submit\"]:hover{background-color:#075304;}\n\nform{background-color:#e4e4e4;}\n.btcpay-form {\n  display: flex;\n  flex-direction: column;\n  align-items: center;\n  max-width: 350px;\n  margin: 0 auto;\n}\n.btcpay-form input[type=\"text\"],\n.btcpay-form .btcpay-custom-container {\n  width: 100%;\n  margin-bottom: 10px;\n}\n.btcpay-custom {\n  display: flex;\n  align-items: center;\n  justify-content: center;\n  background: #f8f9fa;\n  border-radius: 5px;\n}\n#btcpay-input-price {\n  border: none;\n  background: transparent;\n  font-size: 24px;\n  width: 100px;\n  text-align: center;\n}\n.btcpay-form select {\n  appearance: none;\n  padding: 5px 20px 5px 5px;\n  border: 1px solid #ced4da;\n  border-radius: 5px;\n  background: #fff url(\"data:image\/svg+xml,%3Csvg xmlns='http:\/\/www.w3.org\/2000\/svg' width='8' height='8' viewBox='0 0 8 8'%3E%3Cpath fill='%23343a40' d='M2.5 0L1 1.5 3.5 4 1 6.5 2.5 8l4-4-4-4z' transform='rotate(90 4 4)'\/%3E%3C\/svg%3E\") no-repeat right 5px center\/8px 10px;\n  text-align-last: center;\n  font-size: 14px;\n  margin-left: 10px;\n}\n.currency-wrapper {\n  display: flex;\n  align-items: center;\n  justify-content: center;\n  margin-bottom: 10px;\n}\n.submit {\n  width: 100%;\n  padding: 10px;\n  border: none;\n  border-radius: 5px;\n  background-color: #0f3b21;\n  color: #fff;\n  font-size: 16px;\n  cursor: pointer;\n  display: flex;\n  align-items: center;\n  justify-content: center;\n}\n.submit img {\n  height: 30px;\n  margin-left: 10px;\n}\n<\/style>\n<form method=\"POST\" action=\"https:\/\/donate.sparrowwallet.net\/api\/v1\/invoices\" class=\"btcpay-form\" data-trp-original-action=\"https:\/\/donate.sparrowwallet.net\/api\/v1\/invoices\">\n  <input type=\"hidden\" name=\"storeId\" value=\"2T6vSBruquKZYYP7pPfz8MXQewawPxQRhmgLSJ23ozvA\">\n  <input type=\"hidden\" name=\"browserRedirect\" value=\"https:\/\/sparrowwallet.net\/thankyou\/\">\n  <input type=\"text\" name=\"checkoutDesc\" placeholder=\"@Twitter-Handle (optional)\">\n  <div class=\"currency-wrapper\">\n    <div class=\"btcpay-custom\">\n      <input id=\"btcpay-input-price\" name=\"price\" type=\"number\" min=\"0.0001\" max=\"100000000\" step=\"0.00000001\" value=\"50\" oninput=\"event.preventDefault();isNaN(event.target.value) || event.target.value <= 0 ? document.querySelector('#btcpay-input-price').value = 50 : event.target.value\">\n    <\/div>\n    <select name=\"currency\">\n      <option value=\"USD\" selected>USD<\/option>\n      <option value=\"GBP\">GBP<\/option>\n      <option value=\"EUR\">EUR<\/option>\n      <option value=\"BTC\">BTC<\/option>\n    <\/select>\n  <\/div>\n  <button type=\"submit\" class=\"submit\" name=\"submit\">\n    <span>Spenden Sie mit<\/span>\n    <img decoding=\"async\" src=\"https:\/\/sparrowwallet.net\/wp-content\/uploads\/2024\/06\/logo.svg\" alt=\"BtcPay-Logo\">\n  <\/button>\n<input type=\"hidden\" name=\"trp-form-language\" value=\"de\"\/><\/form>\n<\/div>\t\t\t\t<\/div>\n\t\t\t\t<\/div>\n\t\t\t\t<div class=\"elementor-element elementor-element-f36238c elementor-widget elementor-widget-text-editor\" data-id=\"f36238c\" data-element_type=\"widget\" data-e-type=\"widget\" data-widget_type=\"text-editor.default\">\n\t\t\t\t<div class=\"elementor-widget-container\">\n\t\t\t\t\t\t\t\t\t<p>Sparrow verwendet den BTCPay-Server f\u00fcr Spenden, um Ihre Privatsph\u00e4re zu sch\u00fctzen.<\/p><p>F\u00fcgen Sie Ihren Twitter-Handle oben hinzu, um auf unserer Website vorgestellt zu werden. <a href=\"https:\/\/sparrowwallet.net\/de\/about\/\">\u00dcber<\/a> Seite! F\u00fcr bekannte Pers\u00f6nlichkeiten, bitte DM <a href=\"http:\/\/x.com\/@SparrowwWallet\" rel=\"nofollow\">@SparrowWallet<\/a> um Ihre Unterst\u00fctzung zu \u00fcberpr\u00fcfen.<\/p>\t\t\t\t\t\t\t\t<\/div>\n\t\t\t\t<\/div>\n\t\t\t\t\t<\/div>\n\t\t\t\t<\/div>\n\t\t\t\t<\/main>\n\t\t\t\t<\/div>","protected":false},"excerpt":{"rendered":"<p>Donate Sparrow Wallet is committed to remaining Open-Source and free for everyone. If you value the project and wish to contribute, consider making a donation below. You can adjust the amount, and every contribution, no matter the size, is greatly appreciated! Onchain \ud83d\udd17 and Lightning \u26a1 payments are supported. You can also link to +SparrowWallet [&hellip;]<\/p>","protected":false},"author":1,"featured_media":0,"parent":0,"menu_order":0,"comment_status":"closed","ping_status":"closed","template":"","meta":{"footnotes":""},"class_list":["post-211","page","type-page","status-publish","hentry"],"_links":{"self":[{"href":"https:\/\/sparrowwallet.net\/de\/wp-json\/wp\/v2\/pages\/211","targetHints":{"allow":["GET"]}}],"collection":[{"href":"https:\/\/sparrowwallet.net\/de\/wp-json\/wp\/v2\/pages"}],"about":[{"href":"https:\/\/sparrowwallet.net\/de\/wp-json\/wp\/v2\/types\/page"}],"author":[{"embeddable":true,"href":"https:\/\/sparrowwallet.net\/de\/wp-json\/wp\/v2\/users\/1"}],"replies":[{"embeddable":true,"href":"https:\/\/sparrowwallet.net\/de\/wp-json\/wp\/v2\/comments?post=211"}],"version-history":[{"count":22,"href":"https:\/\/sparrowwallet.net\/de\/wp-json\/wp\/v2\/pages\/211\/revisions"}],"predecessor-version":[{"id":600,"href":"https:\/\/sparrowwallet.net\/de\/wp-json\/wp\/v2\/pages\/211\/revisions\/600"}],"wp:attachment":[{"href":"https:\/\/sparrowwallet.net\/de\/wp-json\/wp\/v2\/media?parent=211"}],"curies":[{"name":"wp","href":"https:\/\/api.w.org\/{rel}","templated":true}]}}